{"id":12,"date":"2022-08-22T22:52:40","date_gmt":"2022-08-22T22:52:40","guid":{"rendered":"https:\/\/beloniaconsultoria.com\/?page_id=12"},"modified":"2025-07-27T19:20:05","modified_gmt":"2025-07-27T19:20:05","slug":"belonia-consultoria","status":"publish","type":"page","link":"https:\/\/beloniaconsultoria.com\/","title":{"rendered":"Belonia Consultoria"},"content":{"rendered":"<h3><span style=\"color: #ffffff;\">Na belonia Consultoria , somos refer\u00eancia em venda , instala\u00e7\u00e3o e manuten\u00e7\u00e3o de equipamentos esportivos para academias , clubes e espa\u00e7os fitness . Oferecemos solu\u00e7\u00f5es completas para garantir que seu neg\u00f3cio tenha os melhores equipamentos , sempre em perfeito funcionamento\u00a0<\/span><\/h3>\n<h2>\u00a0<\/h2>\n<h2><span style=\"color: #ffffff;\">Nossos servi\u00e7os :\u00a0<\/span><\/h2>\n<h5><span style=\"color: #ffffff;\">. Venda de Equipamentos &#8211; M\u00e1quinas de \u00faltima gera\u00e7\u00e3o , dumbells , halteres , acess\u00f3rios e muito mais ..\u00a0<\/span><\/h5>\n<h2><span style=\"color: #ffffff;\">. Manuten\u00e7\u00e3o Preventiva e Corretiva\u00a0<\/span><\/h2>\n<h2><span style=\"color: #ffffff;\">. Instala\u00e7\u00e3o Profissional\u00a0<\/span><\/h2>\n<h3><span style=\"color: #ffffff;\">. Acessoria T\u00e9cnica Especializada &#8211; Suporte r\u00e1pido e eficiente para seu n\u00e9gocio<\/span><\/h3>\n<h3><strong><span style=\"color: #ffffff;\">&#8211; Somos autorizados das seguintes marcas :<\/span><\/strong><\/h3>\n<p>\u00a0<\/p>\n<h2><img decoding=\"async\" class=\"wp-image-853 aligncenter\" src=\"http:\/\/beloniaconsultoria.com\/wp-content\/uploads\/2025\/07\/Design-sem-nome-48_LE_upscale_balanced_x4-2-300x169.jpg\" alt=\"\" width=\"653\" height=\"368\" srcset=\"https:\/\/beloniaconsultoria.com\/wp-content\/uploads\/2025\/07\/Design-sem-nome-48_LE_upscale_balanced_x4-2-300x169.jpg 300w, https:\/\/beloniaconsultoria.com\/wp-content\/uploads\/2025\/07\/Design-sem-nome-48_LE_upscale_balanced_x4-2-1024x576.jpg 1024w, https:\/\/beloniaconsultoria.com\/wp-content\/uploads\/2025\/07\/Design-sem-nome-48_LE_upscale_balanced_x4-2-768x432.jpg 768w, https:\/\/beloniaconsultoria.com\/wp-content\/uploads\/2025\/07\/Design-sem-nome-48_LE_upscale_balanced_x4-2-1536x864.jpg 1536w, https:\/\/beloniaconsultoria.com\/wp-content\/uploads\/2025\/07\/Design-sem-nome-48_LE_upscale_balanced_x4-2-2048x1151.jpg 2048w\" sizes=\"(max-width: 653px) 100vw, 653px\" \/><\/h2>\n<h2>\u00a0<\/h2>\n<p>\u00a0<\/p>\n<figure><img decoding=\"async\" class=\"alignleft\" src=\"http:\/\/beloniaconsultoria.com\/wp-content\/uploads\/2022\/08\/1-3-e1661269495345.png\" alt=\"1\" width=\"397\" height=\"603\" \/><\/figure>\n<figure><img decoding=\"async\" class=\"alignright\" src=\"http:\/\/beloniaconsultoria.com\/wp-content\/uploads\/2022\/08\/2-3-e1661269530296.png\" alt=\"2\" width=\"401\" height=\"582\" \/><\/figure>\n<figure><img decoding=\"async\" class=\"alignright\" src=\"http:\/\/beloniaconsultoria.com\/wp-content\/uploads\/2022\/08\/3-1-e1661269564789.png\" alt=\"3\" width=\"411\" height=\"598\" \/><\/figure>\n<figure><img decoding=\"async\" class=\"alignnone\" src=\"http:\/\/beloniaconsultoria.com\/wp-content\/uploads\/2022\/08\/4-1-e1661269658903.png\" alt=\"4\" width=\"386\" height=\"596\" \/><\/figure>\n<figure><img decoding=\"async\" class=\"alignright\" src=\"http:\/\/beloniaconsultoria.com\/wp-content\/uploads\/2022\/08\/5-1-e1661269609115.png\" alt=\"5\" width=\"415\" height=\"623\" \/><\/figure>\n<figure><img decoding=\"async\" class=\"alignleft\" src=\"http:\/\/beloniaconsultoria.com\/wp-content\/uploads\/2022\/08\/DEPO-06-01.png\" alt=\"DEPO 06-01\" width=\"463\" height=\"821\" \/><\/figure>\n<p><img decoding=\"async\" class=\"aligncenter\" src=\"http:\/\/beloniaconsultoria.com\/wp-content\/uploads\/2022\/08\/Logo-belonia2.png\" sizes=\"(max-width: 566px) 100vw, 566px\" srcset=\"https:\/\/beloniaconsultoria.com\/wp-content\/uploads\/2022\/08\/Logo-belonia2.png 566w, https:\/\/beloniaconsultoria.com\/wp-content\/uploads\/2022\/08\/Logo-belonia2-300x212.png 300w\" alt=\"\" width=\"373\" height=\"264\" \/><\/p>\n<p style=\"text-align: center;\">Telefone: (24) 97402-4308<\/p>\n<p style=\"text-align: center;\">Seg &#8211; Sex | 08:00 \u00e1s 18:00<\/p>\n<p><a href=\"http:\/\/wa.me\/5524974024308\" target=\"_blank\" rel=\"noopener\"><br \/><br \/><\/a><br \/><a href=\"https:\/\/www.instagram.com\/beloniaconsultoria\/\" target=\"_blank\" rel=\"noopener\"><br \/><\/a><\/p>\n<p style=\"text-align: center;\">Endere\u00e7o: Rua I, n\u00famero : 8 e 10, Jardim Ponte Alta &#8211;<br \/>Volta Redonda &#8211; RJ, 27267-180.<\/p>\n<p style=\"text-align: center;\">Belonia Consultoria. CNPJ: 19.529.869\/0001-56.<\/p>\n<p style=\"text-align: left;\">\u00a0<\/p>\n\n\n<div class=\"wp-block-group alignfull has-contrast-color has-text-color is-vertical is-content-justification-center is-layout-flex wp-container-core-group-is-layout-f306f087 wp-block-group-is-layout-flex\" style=\"min-height:40vh;margin-top:0;margin-bottom:0;padding-top:var(--wp--preset--spacing--60);padding-right:var(--wp--preset--spacing--50);padding-bottom:var(--wp--preset--spacing--60);padding-left:var(--wp--preset--spacing--50)\"><div style=\"margin-bottom:6px;\" class=\"is-default-size aligncenter wp-block-site-logo\"><a href=\"https:\/\/beloniaconsultoria.com\/\" class=\"custom-logo-link\" rel=\"home\"><img decoding=\"async\" width=\"566\" height=\"189\" src=\"https:\/\/beloniaconsultoria.com\/wp-content\/uploads\/2022\/08\/cropped-Logo-belonia2.png\" class=\"custom-logo\" alt=\"Belonia\" srcset=\"https:\/\/beloniaconsultoria.com\/wp-content\/uploads\/2022\/08\/cropped-Logo-belonia2.png 566w, https:\/\/beloniaconsultoria.com\/wp-content\/uploads\/2022\/08\/cropped-Logo-belonia2-300x100.png 300w\" sizes=\"(max-width: 566px) 100vw, 566px\" \/><\/a><\/div>\n\n\n<ul class=\"wp-block-social-links has-normal-icon-size is-style-logos-only is-nowrap is-layout-flex wp-container-core-social-links-is-layout-65900438 wp-block-social-links-is-layout-flex\"><li class=\"wp-social-link wp-social-link-facebook  wp-block-social-link\"><a href=\"#\" class=\"wp-block-social-link-anchor\"><svg width=\"24\" height=\"24\" viewBox=\"0 0 24 24\" version=\"1.1\" xmlns=\"http:\/\/www.w3.org\/2000\/svg\" aria-hidden=\"true\" focusable=\"false\"><path d=\"M12 2C6.5 2 2 6.5 2 12c0 5 3.7 9.1 8.4 9.9v-7H7.9V12h2.5V9.8c0-2.5 1.5-3.9 3.8-3.9 1.1 0 2.2.2 2.2.2v2.5h-1.3c-1.2 0-1.6.8-1.6 1.6V12h2.8l-.4 2.9h-2.3v7C18.3 21.1 22 17 22 12c0-5.5-4.5-10-10-10z\"><\/path><\/svg><span class=\"wp-block-social-link-label screen-reader-text\">Facebook<\/span><\/a><\/li>\n\n\n\n<\/ul>\n<\/div>\n\n\n\n<p><\/p>\n","protected":false},"excerpt":{"rendered":"<p>Na belonia Consultoria , somos refer\u00eancia em venda , instala\u00e7\u00e3o e manuten\u00e7\u00e3o de equipamentos esportivos para academias , clubes e espa\u00e7os fitness . Oferecemos solu\u00e7\u00f5es completas para garantir que seu neg\u00f3cio tenha os melhores equipamentos , sempre em perfeito funcionamento\u00a0 \u00a0 Nossos servi\u00e7os :\u00a0 . Venda de Equipamentos &#8211; M\u00e1quinas de \u00faltima gera\u00e7\u00e3o , dumbells [&hellip;]<\/p>\n","protected":false},"author":1,"featured_media":839,"parent":0,"menu_order":0,"comment_status":"closed","ping_status":"closed","template":"","meta":{"site-sidebar-layout":"default","site-content-layout":"","ast-site-content-layout":"default","site-content-style":"default","site-sidebar-style":"default","ast-global-header-display":"","ast-banner-title-visibility":"","ast-main-header-display":"","ast-hfb-above-header-display":"","ast-hfb-below-header-display":"","ast-hfb-mobile-header-display":"","site-post-title":"","ast-breadcrumbs-content":"","ast-featured-img":"","footer-sml-layout":"","theme-transparent-header-meta":"","adv-header-id-meta":"","stick-header-meta":"","header-above-stick-meta":"","header-main-stick-meta":"","header-below-stick-meta":"","astra-migrate-meta-layouts":"set","ast-page-background-enabled":"default","ast-page-background-meta":{"desktop":{"background-color":"var(--ast-global-color-4)","background-image":"","background-repeat":"repeat","background-position":"center center","background-size":"auto","background-attachment":"scroll","background-type":"","background-media":"","overlay-type":"","overlay-color":"","overlay-opacity":"","overlay-gradient":""},"tablet":{"background-color":"","background-image":"","background-repeat":"repeat","background-position":"center center","background-size":"auto","background-attachment":"scroll","background-type":"","background-media":"","overlay-type":"","overlay-color":"","overlay-opacity":"","overlay-gradient":""},"mobile":{"background-color":"","background-image":"","background-repeat":"repeat","background-position":"center center","background-size":"auto","background-attachment":"scroll","background-type":"","background-media":"","overlay-type":"","overlay-color":"","overlay-opacity":"","overlay-gradient":""}},"ast-content-background-meta":{"desktop":{"background-color":"var(--ast-global-color-5)","background-image":"","background-repeat":"repeat","background-position":"center center","background-size":"auto","background-attachment":"scroll","background-type":"","background-media":"","overlay-type":"","overlay-color":"","overlay-opacity":"","overlay-gradient":""},"tablet":{"background-color":"var(--ast-global-color-5)","background-image":"","background-repeat":"repeat","background-position":"center center","background-size":"auto","background-attachment":"scroll","background-type":"","background-media":"","overlay-type":"","overlay-color":"","overlay-opacity":"","overlay-gradient":""},"mobile":{"background-color":"var(--ast-global-color-5)","background-image":"","background-repeat":"repeat","background-position":"center center","background-size":"auto","background-attachment":"scroll","background-type":"","background-media":"","overlay-type":"","overlay-color":"","overlay-opacity":"","overlay-gradient":""}},"_joinchat":{"telephone":"5524974024308","message_text":"Agende j\u00e1 sua visita :","message_send":"[Whatsapp]"},"footnotes":""},"class_list":["post-12","page","type-page","status-publish","has-post-thumbnail","hentry"],"_links":{"self":[{"href":"https:\/\/beloniaconsultoria.com\/index.php\/wp-json\/wp\/v2\/pages\/12","targetHints":{"allow":["GET"]}}],"collection":[{"href":"https:\/\/beloniaconsultoria.com\/index.php\/wp-json\/wp\/v2\/pages"}],"about":[{"href":"https:\/\/beloniaconsultoria.com\/index.php\/wp-json\/wp\/v2\/types\/page"}],"author":[{"embeddable":true,"href":"https:\/\/beloniaconsultoria.com\/index.php\/wp-json\/wp\/v2\/users\/1"}],"replies":[{"embeddable":true,"href":"https:\/\/beloniaconsultoria.com\/index.php\/wp-json\/wp\/v2\/comments?post=12"}],"version-history":[{"count":297,"href":"https:\/\/beloniaconsultoria.com\/index.php\/wp-json\/wp\/v2\/pages\/12\/revisions"}],"predecessor-version":[{"id":859,"href":"https:\/\/beloniaconsultoria.com\/index.php\/wp-json\/wp\/v2\/pages\/12\/revisions\/859"}],"wp:featuredmedia":[{"embeddable":true,"href":"https:\/\/beloniaconsultoria.com\/index.php\/wp-json\/wp\/v2\/media\/839"}],"wp:attachment":[{"href":"https:\/\/beloniaconsultoria.com\/index.php\/wp-json\/wp\/v2\/media?parent=12"}],"curies":[{"name":"wp","href":"https:\/\/api.w.org\/{rel}","templated":true}]}}